{"id":540,"date":"2018-11-27T09:16:54","date_gmt":"2018-11-27T09:16:54","guid":{"rendered":"https:\/\/www.karavanyrk.sk\/test\/index.php\/home\/"},"modified":"2025-06-25T12:01:32","modified_gmt":"2025-06-25T10:01:32","slug":"prenajom-karavanov-uvod","status":"publish","type":"page","link":"https:\/\/www.karavanyrk.sk\/test\/","title":{"rendered":"\u00davod"},"content":{"rendered":"\t\t<div data-elementor-type=\"wp-page\" data-elementor-id=\"540\" class=\"elementor elementor-540\">\n\t\t\t\t<div class=\"elementor-element elementor-element-2cb5f4f e-flex e-con-boxed e-con e-parent\" data-id=\"2cb5f4f\" data-element_type=\"container\" data-settings=\"{&quot;background_background&quot;:&quot;classic&quot;}\">\n\t\t\t\t\t<div class=\"e-con-inner\">\n\t\t<div class=\"elementor-element elementor-element-fe6a729 e-con-full e-flex e-con e-child\" data-id=\"fe6a729\" data-element_type=\"container\">\n\t\t\t\t<div class=\"elementor-element elementor-element-de48581 elementor-widget elementor-widget-heading\" data-id=\"de48581\" data-element_type=\"widget\" data-widget_type=\"heading.default\">\n\t\t\t\t<div class=\"elementor-widget-container\">\n\t\t\t<style>\/*! elementor - v3.21.0 - 18-04-2024 *\/\n.elementor-heading-title{padding:0;margin:0;line-height:1}.elementor-widget-heading .elementor-heading-title[class*=elementor-size-]>a{color:inherit;font-size:inherit;line-height:inherit}.elementor-widget-heading .elementor-heading-title.elementor-size-small{font-size:15px}.elementor-widget-heading .elementor-heading-title.elementor-size-medium{font-size:19px}.elementor-widget-heading .elementor-heading-title.elementor-size-large{font-size:29px}.elementor-widget-heading .elementor-heading-title.elementor-size-xl{font-size:39px}.elementor-widget-heading .elementor-heading-title.elementor-size-xxl{font-size:59px}<\/style><h3 class=\"elementor-heading-title elementor-size-default\">Vitajte na str\u00e1nke<\/h3>\t\t<\/div>\n\t\t\t\t<\/div>\n\t\t\t\t<div class=\"elementor-element elementor-element-8966e55 elementor-widget-divider--view-line elementor-widget elementor-widget-divider\" data-id=\"8966e55\" data-element_type=\"widget\" data-widget_type=\"divider.default\">\n\t\t\t\t<div class=\"elementor-widget-container\">\n\t\t\t<style>\/*! elementor - v3.21.0 - 18-04-2024 *\/\n.elementor-widget-divider{--divider-border-style:none;--divider-border-width:1px;--divider-color:#0c0d0e;--divider-icon-size:20px;--divider-element-spacing:10px;--divider-pattern-height:24px;--divider-pattern-size:20px;--divider-pattern-url:none;--divider-pattern-repeat:repeat-x}.elementor-widget-divider .elementor-divider{display:flex}.elementor-widget-divider .elementor-divider__text{font-size:15px;line-height:1;max-width:95%}.elementor-widget-divider .elementor-divider__element{margin:0 var(--divider-element-spacing);flex-shrink:0}.elementor-widget-divider .elementor-icon{font-size:var(--divider-icon-size)}.elementor-widget-divider .elementor-divider-separator{display:flex;margin:0;direction:ltr}.elementor-widget-divider--view-line_icon .elementor-divider-separator,.elementor-widget-divider--view-line_text .elementor-divider-separator{align-items:center}.elementor-widget-divider--view-line_icon .elementor-divider-separator:after,.elementor-widget-divider--view-line_icon .elementor-divider-separator:before,.elementor-widget-divider--view-line_text .elementor-divider-separator:after,.elementor-widget-divider--view-line_text .elementor-divider-separator:before{display:block;content:\"\";border-block-end:0;flex-grow:1;border-block-start:var(--divider-border-width) var(--divider-border-style) var(--divider-color)}.elementor-widget-divider--element-align-left .elementor-divider .elementor-divider-separator>.elementor-divider__svg:first-of-type{flex-grow:0;flex-shrink:100}.elementor-widget-divider--element-align-left .elementor-divider-separator:before{content:none}.elementor-widget-divider--element-align-left .elementor-divider__element{margin-left:0}.elementor-widget-divider--element-align-right .elementor-divider .elementor-divider-separator>.elementor-divider__svg:last-of-type{flex-grow:0;flex-shrink:100}.elementor-widget-divider--element-align-right .elementor-divider-separator:after{content:none}.elementor-widget-divider--element-align-right .elementor-divider__element{margin-right:0}.elementor-widget-divider--element-align-start .elementor-divider .elementor-divider-separator>.elementor-divider__svg:first-of-type{flex-grow:0;flex-shrink:100}.elementor-widget-divider--element-align-start .elementor-divider-separator:before{content:none}.elementor-widget-divider--element-align-start .elementor-divider__element{margin-inline-start:0}.elementor-widget-divider--element-align-end .elementor-divider .elementor-divider-separator>.elementor-divider__svg:last-of-type{flex-grow:0;flex-shrink:100}.elementor-widget-divider--element-align-end .elementor-divider-separator:after{content:none}.elementor-widget-divider--element-align-end .elementor-divider__element{margin-inline-end:0}.elementor-widget-divider:not(.elementor-widget-divider--view-line_text):not(.elementor-widget-divider--view-line_icon) .elementor-divider-separator{border-block-start:var(--divider-border-width) var(--divider-border-style) var(--divider-color)}.elementor-widget-divider--separator-type-pattern{--divider-border-style:none}.elementor-widget-divider--separator-type-pattern.elementor-widget-divider--view-line .elementor-divider-separator,.elementor-widget-divider--separator-type-pattern:not(.elementor-widget-divider--view-line) .elementor-divider-separator:after,.elementor-widget-divider--separator-type-pattern:not(.elementor-widget-divider--view-line) .elementor-divider-separator:before,.elementor-widget-divider--separator-type-pattern:not([class*=elementor-widget-divider--view]) .elementor-divider-separator{width:100%;min-height:var(--divider-pattern-height);-webkit-mask-size:var(--divider-pattern-size) 100%;mask-size:var(--divider-pattern-size) 100%;-webkit-mask-repeat:var(--divider-pattern-repeat);mask-repeat:var(--divider-pattern-repeat);background-color:var(--divider-color);-webkit-mask-image:var(--divider-pattern-url);mask-image:var(--divider-pattern-url)}.elementor-widget-divider--no-spacing{--divider-pattern-size:auto}.elementor-widget-divider--bg-round{--divider-pattern-repeat:round}.rtl .elementor-widget-divider .elementor-divider__text{direction:rtl}.e-con-inner>.elementor-widget-divider,.e-con>.elementor-widget-divider{width:var(--container-widget-width,100%);--flex-grow:var(--container-widget-flex-grow)}<\/style>\t\t<div class=\"elementor-divider\">\n\t\t\t<span class=\"elementor-divider-separator\">\n\t\t\t\t\t\t<\/span>\n\t\t<\/div>\n\t\t\t\t<\/div>\n\t\t\t\t<\/div>\n\t\t\t\t<div class=\"elementor-element elementor-element-c7345d2 elementor-widget elementor-widget-heading\" data-id=\"c7345d2\" data-element_type=\"widget\" data-widget_type=\"heading.default\">\n\t\t\t\t<div class=\"elementor-widget-container\">\n\t\t\t<h1 class=\"elementor-heading-title elementor-size-default\">Karavany Ru\u017eomberok<\/h1>\t\t<\/div>\n\t\t\t\t<\/div>\n\t\t\t\t<\/div>\n\t\t\t\t\t<\/div>\n\t\t\t\t<\/div>\n\t\t<div class=\"elementor-element elementor-element-9238744 e-flex e-con-boxed elementor-invisible e-con e-parent\" data-id=\"9238744\" data-element_type=\"container\" data-settings=\"{&quot;animation&quot;:&quot;bounceInDown&quot;}\">\n\t\t\t\t\t<div class=\"e-con-inner\">\n\t\t\t\t<div class=\"elementor-element elementor-element-ff7c8c1 elementor-invisible elementor-widget elementor-widget-heading\" data-id=\"ff7c8c1\" data-element_type=\"widget\" data-settings=\"{&quot;_animation&quot;:&quot;bounceInDown&quot;}\" data-widget_type=\"heading.default\">\n\t\t\t\t<div class=\"elementor-widget-container\">\n\t\t\t<h5 class=\"elementor-heading-title elementor-size-default\">Te\u0161\u00ed n\u00e1s v\u00e1\u0161 z\u00e1ujem o na\u0161e slu\u017eby. Nev\u00e1hajte si vybra\u0165 z na\u0161ej ponuky karavanov, dod\u00e1vok alebo osobn\u00fdch automobilov na pren\u00e1jom.<\/h5>\t\t<\/div>\n\t\t\t\t<\/div>\n\t\t\t\t\t<\/div>\n\t\t\t\t<\/div>\n\t\t<div class=\"elementor-element elementor-element-625f541 e-flex e-con-boxed elementor-invisible e-con e-parent\" data-id=\"625f541\" data-element_type=\"container\" data-settings=\"{&quot;animation&quot;:&quot;bounceInDown&quot;}\">\n\t\t\t\t\t<div class=\"e-con-inner\">\n\t\t\t\t<div class=\"elementor-element elementor-element-df01972 elementor-invisible elementor-widget elementor-widget-heading\" data-id=\"df01972\" data-element_type=\"widget\" data-settings=\"{&quot;_animation&quot;:&quot;bounceInDown&quot;}\" data-widget_type=\"heading.default\">\n\t\t\t\t<div class=\"elementor-widget-container\">\n\t\t\t<h5 class=\"elementor-heading-title elementor-size-default\">Pom\u00f4\u017eeme v\u00e1m s\u00a0rezerv\u00e1ciou, aby pren\u00e1jom karavanu bol pre v\u00e1s \u010do najpr\u00edjemnej\u0161\u00ed.\u00a0\u00a0<\/h5>\t\t<\/div>\n\t\t\t\t<\/div>\n\t\t\t\t\t<\/div>\n\t\t\t\t<\/div>\n\t\t<div class=\"elementor-element elementor-element-0d29479 e-flex e-con-boxed elementor-invisible e-con e-parent\" data-id=\"0d29479\" data-element_type=\"container\" data-settings=\"{&quot;animation&quot;:&quot;fadeInDown&quot;}\">\n\t\t\t\t\t<div class=\"e-con-inner\">\n\t\t\t\t\t<\/div>\n\t\t\t\t<\/div>\n\t\t<div class=\"elementor-element elementor-element-6ff50fc e-flex e-con-boxed elementor-invisible e-con e-parent\" data-id=\"6ff50fc\" data-element_type=\"container\" data-settings=\"{&quot;animation&quot;:&quot;bounceInDown&quot;}\">\n\t\t\t\t\t<div class=\"e-con-inner\">\n\t\t<div class=\"elementor-element elementor-element-15c7b2c e-con-full e-flex e-con e-child\" data-id=\"15c7b2c\" data-element_type=\"container\">\n\t\t\t\t<div class=\"elementor-element elementor-element-1f5ca5f e-transform elementor-invisible elementor-widget elementor-widget-image\" data-id=\"1f5ca5f\" data-element_type=\"widget\" data-settings=\"{&quot;_animation&quot;:&quot;bounceInDown&quot;,&quot;_transform_skewX_effect&quot;:{&quot;unit&quot;:&quot;px&quot;,&quot;size&quot;:0,&quot;sizes&quot;:[]},&quot;_transform_skewX_effect_tablet&quot;:{&quot;unit&quot;:&quot;deg&quot;,&quot;size&quot;:&quot;&quot;,&quot;sizes&quot;:[]},&quot;_transform_skewX_effect_mobile&quot;:{&quot;unit&quot;:&quot;deg&quot;,&quot;size&quot;:&quot;&quot;,&quot;sizes&quot;:[]},&quot;_transform_skewY_effect&quot;:{&quot;unit&quot;:&quot;px&quot;,&quot;size&quot;:&quot;&quot;,&quot;sizes&quot;:[]},&quot;_transform_skewY_effect_tablet&quot;:{&quot;unit&quot;:&quot;deg&quot;,&quot;size&quot;:&quot;&quot;,&quot;sizes&quot;:[]},&quot;_transform_skewY_effect_mobile&quot;:{&quot;unit&quot;:&quot;deg&quot;,&quot;size&quot;:&quot;&quot;,&quot;sizes&quot;:[]}}\" data-widget_type=\"image.default\">\n\t\t\t\t<div class=\"elementor-widget-container\">\n\t\t\t<style>\/*! elementor - v3.21.0 - 18-04-2024 *\/\n.elementor-widget-image{text-align:center}.elementor-widget-image a{display:inline-block}.elementor-widget-image a img[src$=\".svg\"]{width:48px}.elementor-widget-image img{vertical-align:middle;display:inline-block}<\/style>\t\t\t\t\t\t\t\t\t\t<img fetchpriority=\"high\" decoding=\"async\" width=\"830\" height=\"401\" src=\"https:\/\/www.karavanyrk.sk\/test\/wp-content\/uploads\/2025\/06\/Cover_boxdrive_830_soc.jpg\" class=\"attachment-2048x2048 size-2048x2048 wp-image-2215\" alt=\"\" srcset=\"https:\/\/www.karavanyrk.sk\/test\/wp-content\/uploads\/2025\/06\/Cover_boxdrive_830_soc.jpg 830w, https:\/\/www.karavanyrk.sk\/test\/wp-content\/uploads\/2025\/06\/Cover_boxdrive_830_soc-300x145.jpg 300w, https:\/\/www.karavanyrk.sk\/test\/wp-content\/uploads\/2025\/06\/Cover_boxdrive_830_soc-768x371.jpg 768w\" sizes=\"(max-width: 830px) 100vw, 830px\" \/>\t\t\t\t\t\t\t\t\t\t\t\t\t<\/div>\n\t\t\t\t<\/div>\n\t\t\t\t<\/div>\n\t\t<div class=\"elementor-element elementor-element-9c1e77c e-con-full e-flex e-con e-child\" data-id=\"9c1e77c\" data-element_type=\"container\">\n\t\t\t\t<div class=\"elementor-element elementor-element-3d6c230 elementor-button-success elementor-align-left elementor-invisible elementor-widget elementor-widget-button\" data-id=\"3d6c230\" data-element_type=\"widget\" data-settings=\"{&quot;_animation&quot;:&quot;bounceInDown&quot;}\" data-widget_type=\"button.default\">\n\t\t\t\t<div class=\"elementor-widget-container\">\n\t\t\t\t\t<div class=\"elementor-button-wrapper\">\n\t\t\t<a class=\"elementor-button elementor-button-link elementor-size-md\" href=\"https:\/\/www.karavanyrk.sk\/test\/karavany-na-prenajom\/\">\n\t\t\t\t\t\t<span class=\"elementor-button-content-wrapper\">\n\t\t\t\t\t\t\t\t\t<span class=\"elementor-button-text\">Pren\u00e1jom karavanu<\/span>\n\t\t\t\t\t<\/span>\n\t\t\t\t\t<\/a>\n\t\t<\/div>\n\t\t\t\t<\/div>\n\t\t\t\t<\/div>\n\t\t\t\t<\/div>\n\t\t\t\t\t<\/div>\n\t\t\t\t<\/div>\n\t\t<div class=\"elementor-element elementor-element-24c68a1 e-flex e-con-boxed e-con e-parent\" data-id=\"24c68a1\" data-element_type=\"container\" data-settings=\"{&quot;background_background&quot;:&quot;classic&quot;}\">\n\t\t\t\t\t<div class=\"e-con-inner\">\n\t\t<div class=\"elementor-element elementor-element-c761d1d e-con-full e-flex e-con e-child\" data-id=\"c761d1d\" data-element_type=\"container\">\n\t\t\t\t<\/div>\n\t\t\t\t\t<\/div>\n\t\t\t\t<\/div>\n\t\t\t\t<\/div>\n\t\t","protected":false},"excerpt":{"rendered":"<p>Vitajte na str\u00e1nke Karavany Ru\u017eomberok Te\u0161\u00ed n\u00e1s v\u00e1\u0161 z\u00e1ujem o na\u0161e slu\u017eby. Nev\u00e1hajte si vybra\u0165 z na\u0161ej ponuky karavanov, dod\u00e1vok alebo osobn\u00fdch automobilov na pren\u00e1jom. Pom\u00f4\u017eeme v\u00e1m s\u00a0rezerv\u00e1ciou, aby pren\u00e1jom karavanu bol pre v\u00e1s \u010do najpr\u00edjemnej\u0161\u00ed.\u00a0\u00a0 Pren\u00e1jom karavanu<\/p>\n","protected":false},"author":1,"featured_media":0,"parent":0,"menu_order":0,"comment_status":"closed","ping_status":"closed","template":"","meta":{"_monsterinsights_skip_tracking":false,"_monsterinsights_sitenote_active":false,"_monsterinsights_sitenote_note":"","_monsterinsights_sitenote_category":0,"site-sidebar-layout":"no-sidebar","site-content-layout":"page-builder","ast-site-content-layout":"full-width-container","site-content-style":"unboxed","site-sidebar-style":"unboxed","ast-global-header-display":"","ast-banner-title-visibility":"","ast-main-header-display":"","ast-hfb-above-header-display":"","ast-hfb-below-header-display":"","ast-hfb-mobile-header-display":"","site-post-title":"disabled","ast-breadcrumbs-content":"","ast-featured-img":"disabled","footer-sml-layout":"","theme-transparent-header-meta":"enabled","adv-header-id-meta":"","stick-header-meta":"","header-above-stick-meta":"","header-main-stick-meta":"","header-below-stick-meta":"","astra-migrate-meta-layouts":"set","ast-page-background-enabled":"default","ast-page-background-meta":{"desktop":{"background-color":"","background-image":"","background-repeat":"repeat","background-position":"center center","background-size":"auto","background-attachment":"scroll","background-type":"","background-media":"","overlay-type":"","overlay-color":"","overlay-gradient":""},"tablet":{"background-color":"","background-image":"","background-repeat":"repeat","background-position":"center center","background-size":"auto","background-attachment":"scroll","background-type":"","background-media":"","overlay-type":"","overlay-color":"","overlay-gradient":""},"mobile":{"background-color":"","background-image":"","background-repeat":"repeat","background-position":"center center","background-size":"auto","background-attachment":"scroll","background-type":"","background-media":"","overlay-type":"","overlay-color":"","overlay-gradient":""}},"ast-content-background-meta":{"desktop":{"background-color":"var(--ast-global-color-5)","background-image":"","background-repeat":"repeat","background-position":"center center","background-size":"auto","background-attachment":"scroll","background-type":"","background-media":"","overlay-type":"","overlay-color":"","overlay-gradient":""},"tablet":{"background-color":"var(--ast-global-color-5)","background-image":"","background-repeat":"repeat","background-position":"center center","background-size":"auto","background-attachment":"scroll","background-type":"","background-media":"","overlay-type":"","overlay-color":"","overlay-gradient":""},"mobile":{"background-color":"var(--ast-global-color-5)","background-image":"","background-repeat":"repeat","background-position":"center center","background-size":"auto","background-attachment":"scroll","background-type":"","background-media":"","overlay-type":"","overlay-color":"","overlay-gradient":""}},"footnotes":""},"yoast_head":"<!-- This site is optimized with the Yoast SEO plugin v22.5 - https:\/\/yoast.com\/wordpress\/plugins\/seo\/ -->\n<title>\u00davod - Karavany Ru\u017eomberok<\/title>\n<meta name=\"description\" content=\"Pren\u00e1jom karavanov Liptov, u n\u00e1s n\u00e1jdete po\u017ei\u010dov\u0148u karavanov, osobn\u00fdch \u00e1ut alebo dod\u00e1vok, ktor\u00e9 si viete rezervova\u0165 z pohodlia domova.\" \/>\n<meta name=\"robots\" content=\"index, follow, max-snippet:-1, max-image-preview:large, max-video-preview:-1\" \/>\n<link rel=\"canonical\" href=\"https:\/\/www.karavanyrk.sk\/test\/\" \/>\n<meta property=\"og:locale\" content=\"sk_SK\" \/>\n<meta property=\"og:type\" content=\"article\" \/>\n<meta property=\"og:title\" content=\"\u00davod - Karavany Ru\u017eomberok\" \/>\n<meta property=\"og:description\" content=\"Pren\u00e1jom karavanov Liptov, u n\u00e1s n\u00e1jdete po\u017ei\u010dov\u0148u karavanov, osobn\u00fdch \u00e1ut alebo dod\u00e1vok, ktor\u00e9 si viete rezervova\u0165 z pohodlia domova.\" \/>\n<meta property=\"og:url\" content=\"https:\/\/www.karavanyrk.sk\/test\/\" \/>\n<meta property=\"og:site_name\" content=\"Karavany Ru\u017eomberok\" \/>\n<meta property=\"article:modified_time\" content=\"2025-06-25T10:01:32+00:00\" \/>\n<meta property=\"og:image\" content=\"https:\/\/www.karavanyrk.sk\/test\/wp-content\/uploads\/2025\/06\/Cover_boxdrive_830_soc.jpg\" \/>\n<meta name=\"twitter:card\" content=\"summary_large_image\" \/>\n<meta name=\"twitter:label1\" content=\"Predpokladan\u00fd \u010das \u010d\u00edtania\" \/>\n\t<meta name=\"twitter:data1\" content=\"1 min\u00fata\" \/>\n<script type=\"application\/ld+json\" class=\"yoast-schema-graph\">{\"@context\":\"https:\/\/schema.org\",\"@graph\":[{\"@type\":\"WebPage\",\"@id\":\"https:\/\/www.karavanyrk.sk\/test\/\",\"url\":\"https:\/\/www.karavanyrk.sk\/test\/\",\"name\":\"\u00davod - Karavany Ru\u017eomberok\",\"isPartOf\":{\"@id\":\"https:\/\/www.karavanyrk.sk\/test\/#website\"},\"primaryImageOfPage\":{\"@id\":\"https:\/\/www.karavanyrk.sk\/test\/#primaryimage\"},\"image\":{\"@id\":\"https:\/\/www.karavanyrk.sk\/test\/#primaryimage\"},\"thumbnailUrl\":\"https:\/\/www.karavanyrk.sk\/test\/wp-content\/uploads\/2025\/06\/Cover_boxdrive_830_soc.jpg\",\"datePublished\":\"2018-11-27T09:16:54+00:00\",\"dateModified\":\"2025-06-25T10:01:32+00:00\",\"description\":\"Pren\u00e1jom karavanov Liptov, u n\u00e1s n\u00e1jdete po\u017ei\u010dov\u0148u karavanov, osobn\u00fdch \u00e1ut alebo dod\u00e1vok, ktor\u00e9 si viete rezervova\u0165 z pohodlia domova.\",\"breadcrumb\":{\"@id\":\"https:\/\/www.karavanyrk.sk\/test\/#breadcrumb\"},\"inLanguage\":\"sk-SK\",\"potentialAction\":[{\"@type\":\"ReadAction\",\"target\":[\"https:\/\/www.karavanyrk.sk\/test\/\"]}]},{\"@type\":\"ImageObject\",\"inLanguage\":\"sk-SK\",\"@id\":\"https:\/\/www.karavanyrk.sk\/test\/#primaryimage\",\"url\":\"https:\/\/www.karavanyrk.sk\/test\/wp-content\/uploads\/2025\/06\/Cover_boxdrive_830_soc.jpg\",\"contentUrl\":\"https:\/\/www.karavanyrk.sk\/test\/wp-content\/uploads\/2025\/06\/Cover_boxdrive_830_soc.jpg\",\"width\":830,\"height\":401},{\"@type\":\"BreadcrumbList\",\"@id\":\"https:\/\/www.karavanyrk.sk\/test\/#breadcrumb\",\"itemListElement\":[{\"@type\":\"ListItem\",\"position\":1,\"name\":\"Home\",\"item\":\"https:\/\/www.karavanyrk.sk\/test\/\"},{\"@type\":\"ListItem\",\"position\":2,\"name\":\"\u00davod\"}]},{\"@type\":\"WebSite\",\"@id\":\"https:\/\/www.karavanyrk.sk\/test\/#website\",\"url\":\"https:\/\/www.karavanyrk.sk\/test\/\",\"name\":\"Karavany Ru\u017eomberok\",\"description\":\"Pren\u00e1jom karavanov\",\"publisher\":{\"@id\":\"https:\/\/www.karavanyrk.sk\/test\/#organization\"},\"potentialAction\":[{\"@type\":\"SearchAction\",\"target\":{\"@type\":\"EntryPoint\",\"urlTemplate\":\"https:\/\/www.karavanyrk.sk\/test\/?s={search_term_string}\"},\"query-input\":\"required name=search_term_string\"}],\"inLanguage\":\"sk-SK\"},{\"@type\":\"Organization\",\"@id\":\"https:\/\/www.karavanyrk.sk\/test\/#organization\",\"name\":\"Karavany Ru\u017eomberok\",\"url\":\"https:\/\/www.karavanyrk.sk\/test\/\",\"logo\":{\"@type\":\"ImageObject\",\"inLanguage\":\"sk-SK\",\"@id\":\"https:\/\/www.karavanyrk.sk\/test\/#\/schema\/logo\/image\/\",\"url\":\"https:\/\/www.karavanyrk.sk\/test\/wp-content\/uploads\/2024\/03\/cropped-logo_transparent-1.png\",\"contentUrl\":\"https:\/\/www.karavanyrk.sk\/test\/wp-content\/uploads\/2024\/03\/cropped-logo_transparent-1.png\",\"width\":1200,\"height\":558,\"caption\":\"Karavany Ru\u017eomberok\"},\"image\":{\"@id\":\"https:\/\/www.karavanyrk.sk\/test\/#\/schema\/logo\/image\/\"}}]}<\/script>\n<!-- \/ Yoast SEO plugin. -->","yoast_head_json":{"title":"\u00davod - Karavany Ru\u017eomberok","description":"Pren\u00e1jom karavanov Liptov, u n\u00e1s n\u00e1jdete po\u017ei\u010dov\u0148u karavanov, osobn\u00fdch \u00e1ut alebo dod\u00e1vok, ktor\u00e9 si viete rezervova\u0165 z pohodlia domova.","robots":{"index":"index","follow":"follow","max-snippet":"max-snippet:-1","max-image-preview":"max-image-preview:large","max-video-preview":"max-video-preview:-1"},"canonical":"https:\/\/www.karavanyrk.sk\/test\/","og_locale":"sk_SK","og_type":"article","og_title":"\u00davod - Karavany Ru\u017eomberok","og_description":"Pren\u00e1jom karavanov Liptov, u n\u00e1s n\u00e1jdete po\u017ei\u010dov\u0148u karavanov, osobn\u00fdch \u00e1ut alebo dod\u00e1vok, ktor\u00e9 si viete rezervova\u0165 z pohodlia domova.","og_url":"https:\/\/www.karavanyrk.sk\/test\/","og_site_name":"Karavany Ru\u017eomberok","article_modified_time":"2025-06-25T10:01:32+00:00","og_image":[{"url":"https:\/\/www.karavanyrk.sk\/test\/wp-content\/uploads\/2025\/06\/Cover_boxdrive_830_soc.jpg"}],"twitter_card":"summary_large_image","twitter_misc":{"Predpokladan\u00fd \u010das \u010d\u00edtania":"1 min\u00fata"},"schema":{"@context":"https:\/\/schema.org","@graph":[{"@type":"WebPage","@id":"https:\/\/www.karavanyrk.sk\/test\/","url":"https:\/\/www.karavanyrk.sk\/test\/","name":"\u00davod - Karavany Ru\u017eomberok","isPartOf":{"@id":"https:\/\/www.karavanyrk.sk\/test\/#website"},"primaryImageOfPage":{"@id":"https:\/\/www.karavanyrk.sk\/test\/#primaryimage"},"image":{"@id":"https:\/\/www.karavanyrk.sk\/test\/#primaryimage"},"thumbnailUrl":"https:\/\/www.karavanyrk.sk\/test\/wp-content\/uploads\/2025\/06\/Cover_boxdrive_830_soc.jpg","datePublished":"2018-11-27T09:16:54+00:00","dateModified":"2025-06-25T10:01:32+00:00","description":"Pren\u00e1jom karavanov Liptov, u n\u00e1s n\u00e1jdete po\u017ei\u010dov\u0148u karavanov, osobn\u00fdch \u00e1ut alebo dod\u00e1vok, ktor\u00e9 si viete rezervova\u0165 z pohodlia domova.","breadcrumb":{"@id":"https:\/\/www.karavanyrk.sk\/test\/#breadcrumb"},"inLanguage":"sk-SK","potentialAction":[{"@type":"ReadAction","target":["https:\/\/www.karavanyrk.sk\/test\/"]}]},{"@type":"ImageObject","inLanguage":"sk-SK","@id":"https:\/\/www.karavanyrk.sk\/test\/#primaryimage","url":"https:\/\/www.karavanyrk.sk\/test\/wp-content\/uploads\/2025\/06\/Cover_boxdrive_830_soc.jpg","contentUrl":"https:\/\/www.karavanyrk.sk\/test\/wp-content\/uploads\/2025\/06\/Cover_boxdrive_830_soc.jpg","width":830,"height":401},{"@type":"BreadcrumbList","@id":"https:\/\/www.karavanyrk.sk\/test\/#breadcrumb","itemListElement":[{"@type":"ListItem","position":1,"name":"Home","item":"https:\/\/www.karavanyrk.sk\/test\/"},{"@type":"ListItem","position":2,"name":"\u00davod"}]},{"@type":"WebSite","@id":"https:\/\/www.karavanyrk.sk\/test\/#website","url":"https:\/\/www.karavanyrk.sk\/test\/","name":"Karavany Ru\u017eomberok","description":"Pren\u00e1jom karavanov","publisher":{"@id":"https:\/\/www.karavanyrk.sk\/test\/#organization"},"potentialAction":[{"@type":"SearchAction","target":{"@type":"EntryPoint","urlTemplate":"https:\/\/www.karavanyrk.sk\/test\/?s={search_term_string}"},"query-input":"required name=search_term_string"}],"inLanguage":"sk-SK"},{"@type":"Organization","@id":"https:\/\/www.karavanyrk.sk\/test\/#organization","name":"Karavany Ru\u017eomberok","url":"https:\/\/www.karavanyrk.sk\/test\/","logo":{"@type":"ImageObject","inLanguage":"sk-SK","@id":"https:\/\/www.karavanyrk.sk\/test\/#\/schema\/logo\/image\/","url":"https:\/\/www.karavanyrk.sk\/test\/wp-content\/uploads\/2024\/03\/cropped-logo_transparent-1.png","contentUrl":"https:\/\/www.karavanyrk.sk\/test\/wp-content\/uploads\/2024\/03\/cropped-logo_transparent-1.png","width":1200,"height":558,"caption":"Karavany Ru\u017eomberok"},"image":{"@id":"https:\/\/www.karavanyrk.sk\/test\/#\/schema\/logo\/image\/"}}]}},"_links":{"self":[{"href":"https:\/\/www.karavanyrk.sk\/test\/wp-json\/wp\/v2\/pages\/540"}],"collection":[{"href":"https:\/\/www.karavanyrk.sk\/test\/wp-json\/wp\/v2\/pages"}],"about":[{"href":"https:\/\/www.karavanyrk.sk\/test\/wp-json\/wp\/v2\/types\/page"}],"author":[{"embeddable":true,"href":"https:\/\/www.karavanyrk.sk\/test\/wp-json\/wp\/v2\/users\/1"}],"replies":[{"embeddable":true,"href":"https:\/\/www.karavanyrk.sk\/test\/wp-json\/wp\/v2\/comments?post=540"}],"version-history":[{"count":6,"href":"https:\/\/www.karavanyrk.sk\/test\/wp-json\/wp\/v2\/pages\/540\/revisions"}],"predecessor-version":[{"id":2227,"href":"https:\/\/www.karavanyrk.sk\/test\/wp-json\/wp\/v2\/pages\/540\/revisions\/2227"}],"wp:attachment":[{"href":"https:\/\/www.karavanyrk.sk\/test\/wp-json\/wp\/v2\/media?parent=540"}],"curies":[{"name":"wp","href":"https:\/\/api.w.org\/{rel}","templated":true}]}}